{"id":367,"date":"2026-02-11T01:18:33","date_gmt":"2026-02-11T00:18:33","guid":{"rendered":"https:\/\/michaelweichert.com\/index.php\/maintenance-page\/"},"modified":"2026-02-27T22:55:28","modified_gmt":"2026-02-27T21:55:28","slug":"maintenance-page","status":"publish","type":"page","link":"https:\/\/michaelweichert.com\/","title":{"rendered":"Maintenance"},"content":{"rendered":"\n<h2>Wegen Feierlichkeiten geschlossen.<\/h2>\n\nQualit\u00e4t braucht Pausen. Um den Fokus f\u00fcr das neue Lebensjahr zu sch\u00e4rfen, bleibt diese Website heute offline.\n\nEin Tag Ruhe f\u00fcr das System, ein Tag Fokus f\u00fcr mich. Wir sehen uns demn\u00e4chst in alter Frische.\u201c\n","protected":false},"excerpt":{"rendered":"<p>Wegen Feierlichkeiten geschlossen. Qualit\u00e4t braucht Pausen. Um den Fokus f\u00fcr das neue Lebensjahr zu sch\u00e4rfen, bleibt diese Website heute offline. Ein Tag Ruhe f\u00fcr das System, ein Tag Fokus f\u00fcr mich. Wir sehen uns demn\u00e4chst in alter Frische.\u201c<\/p>\n","protected":false},"author":1,"featured_media":0,"parent":0,"menu_order":0,"comment_status":"closed","ping_status":"closed","template":"templates\/wpmm-page-template.php","meta":{"_acf_changed":false,"_monsterinsights_skip_tracking":false,"_monsterinsights_sitenote_active":false,"_monsterinsights_sitenote_note":"","_monsterinsights_sitenote_category":0,"jetpack_post_was_ever_published":false,"footnotes":""},"class_list":["post-367","page","type-page","status-publish","hentry"],"acf":[],"yoast_head":"<!-- This site is optimized with the Yoast SEO plugin v27.0 - https:\/\/yoast.com\/product\/yoast-seo-wordpress\/ -->\n<title>Maintenance | Michael Weichert<\/title>\n<meta name=\"robots\" content=\"index, follow, max-snippet:-1, max-image-preview:large, max-video-preview:-1\" \/>\n<link rel=\"canonical\" href=\"https:\/\/michaelweichert.com\/index.php\/maintenance-page\/\" \/>\n<meta property=\"og:locale\" content=\"en_US\" \/>\n<meta property=\"og:type\" content=\"article\" \/>\n<meta property=\"og:title\" content=\"Maintenance | Michael Weichert\" \/>\n<meta property=\"og:description\" content=\"Wegen Feierlichkeiten geschlossen. Qualit\u00e4t braucht Pausen. Um den Fokus f\u00fcr das neue Lebensjahr zu sch\u00e4rfen, bleibt diese Website heute offline. Ein Tag Ruhe f\u00fcr das System, ein Tag Fokus f\u00fcr mich. Wir sehen uns demn\u00e4chst in alter Frische.\u201c\" \/>\n<meta property=\"og:url\" content=\"https:\/\/michaelweichert.com\/index.php\/maintenance-page\/\" \/>\n<meta property=\"og:site_name\" content=\"Michael Weichert\" \/>\n<meta property=\"article:publisher\" content=\"https:\/\/www.facebook.com\/mchmweic\" \/>\n<meta property=\"article:modified_time\" content=\"2026-02-27T21:55:28+00:00\" \/>\n<meta name=\"twitter:card\" content=\"summary_large_image\" \/>\n<meta name=\"twitter:site\" content=\"@michaelweichert\" \/>\n<meta name=\"twitter:label1\" content=\"Est. reading time\" \/>\n\t<meta name=\"twitter:data1\" content=\"1 minute\" \/>\n<script type=\"application\/ld+json\" class=\"yoast-schema-graph\">{\"@context\":\"https:\/\/schema.org\",\"@graph\":[{\"@type\":\"WebPage\",\"@id\":\"https:\/\/michaelweichert.com\/index.php\/maintenance-page\/\",\"url\":\"https:\/\/michaelweichert.com\/index.php\/maintenance-page\/\",\"name\":\"Maintenance | Michael Weichert\",\"isPartOf\":{\"@id\":\"https:\/\/michaelweichert.com\/#website\"},\"datePublished\":\"2026-02-11T00:18:33+00:00\",\"dateModified\":\"2026-02-27T21:55:28+00:00\",\"breadcrumb\":{\"@id\":\"https:\/\/michaelweichert.com\/index.php\/maintenance-page\/#breadcrumb\"},\"inLanguage\":\"en-US\",\"potentialAction\":[{\"@type\":\"ReadAction\",\"target\":[\"https:\/\/michaelweichert.com\/index.php\/maintenance-page\/\"]}]},{\"@type\":\"BreadcrumbList\",\"@id\":\"https:\/\/michaelweichert.com\/index.php\/maintenance-page\/#breadcrumb\",\"itemListElement\":[{\"@type\":\"ListItem\",\"position\":1,\"name\":\"Home\",\"item\":\"https:\/\/michaelweichert.com\/index.php\/maintenance-page\/\"},{\"@type\":\"ListItem\",\"position\":2,\"name\":\"Maintenance\"}]},{\"@type\":\"WebSite\",\"@id\":\"https:\/\/michaelweichert.com\/#website\",\"url\":\"https:\/\/michaelweichert.com\/\",\"name\":\"Michael Weichert\",\"description\":\"Private Homepage\",\"potentialAction\":[{\"@type\":\"SearchAction\",\"target\":{\"@type\":\"EntryPoint\",\"urlTemplate\":\"https:\/\/michaelweichert.com\/?s={search_term_string}\"},\"query-input\":{\"@type\":\"PropertyValueSpecification\",\"valueRequired\":true,\"valueName\":\"search_term_string\"}}],\"inLanguage\":\"en-US\"}]}<\/script>\n<!-- \/ Yoast SEO plugin. -->","yoast_head_json":{"title":"Maintenance | Michael Weichert","robots":{"index":"index","follow":"follow","max-snippet":"max-snippet:-1","max-image-preview":"max-image-preview:large","max-video-preview":"max-video-preview:-1"},"canonical":"https:\/\/michaelweichert.com\/index.php\/maintenance-page\/","og_locale":"en_US","og_type":"article","og_title":"Maintenance | Michael Weichert","og_description":"Wegen Feierlichkeiten geschlossen. Qualit\u00e4t braucht Pausen. Um den Fokus f\u00fcr das neue Lebensjahr zu sch\u00e4rfen, bleibt diese Website heute offline. Ein Tag Ruhe f\u00fcr das System, ein Tag Fokus f\u00fcr mich. Wir sehen uns demn\u00e4chst in alter Frische.\u201c","og_url":"https:\/\/michaelweichert.com\/index.php\/maintenance-page\/","og_site_name":"Michael Weichert","article_publisher":"https:\/\/www.facebook.com\/mchmweic","article_modified_time":"2026-02-27T21:55:28+00:00","twitter_card":"summary_large_image","twitter_site":"@michaelweichert","twitter_misc":{"Est. reading time":"1 minute"},"schema":{"@context":"https:\/\/schema.org","@graph":[{"@type":"WebPage","@id":"https:\/\/michaelweichert.com\/index.php\/maintenance-page\/","url":"https:\/\/michaelweichert.com\/index.php\/maintenance-page\/","name":"Maintenance | Michael Weichert","isPartOf":{"@id":"https:\/\/michaelweichert.com\/#website"},"datePublished":"2026-02-11T00:18:33+00:00","dateModified":"2026-02-27T21:55:28+00:00","breadcrumb":{"@id":"https:\/\/michaelweichert.com\/index.php\/maintenance-page\/#breadcrumb"},"inLanguage":"en-US","potentialAction":[{"@type":"ReadAction","target":["https:\/\/michaelweichert.com\/index.php\/maintenance-page\/"]}]},{"@type":"BreadcrumbList","@id":"https:\/\/michaelweichert.com\/index.php\/maintenance-page\/#breadcrumb","itemListElement":[{"@type":"ListItem","position":1,"name":"Home","item":"https:\/\/michaelweichert.com\/index.php\/maintenance-page\/"},{"@type":"ListItem","position":2,"name":"Maintenance"}]},{"@type":"WebSite","@id":"https:\/\/michaelweichert.com\/#website","url":"https:\/\/michaelweichert.com\/","name":"Michael Weichert","description":"Private Homepage","potentialAction":[{"@type":"SearchAction","target":{"@type":"EntryPoint","urlTemplate":"https:\/\/michaelweichert.com\/?s={search_term_string}"},"query-input":{"@type":"PropertyValueSpecification","valueRequired":true,"valueName":"search_term_string"}}],"inLanguage":"en-US"}]}},"jetpack_sharing_enabled":true,"jetpack_shortlink":"https:\/\/wp.me\/P8AZz4-5V","jetpack-related-posts":[{"id":92,"url":"https:\/\/michaelweichert.com\/index.php\/projekte\/","url_meta":{"origin":367,"position":0},"title":"Projekte","author":"michael","date":"May 26, 2017","format":false,"excerpt":"\"Ein Projekt ist ein zielorientiertes, einmaliges Vorhaben, das aus einer Reihe von koordinierten, kontrollierten Aktivit\u00e4ten mit einem Anfangs- und Enddatum besteht, um ein Ziel zu erreichen, unter Ber\u00fccksichtigung der Zeit, der Ressourcen und der Qualit\u00e4tsanforderungen.\" Meine bisherigen Projekte: Fujitsu Erfolgreicher Betrieb und Transfer von Helpdesks f\u00fcr Intranet und Extranet von\u2026","rel":"","context":"Similar post","block_context":{"text":"Similar post","link":""},"img":{"alt_text":"","src":"","width":0,"height":0},"classes":[]},{"id":63,"url":"https:\/\/michaelweichert.com\/index.php\/privacy\/","url_meta":{"origin":367,"position":1},"title":"Datenschutzerkl\u00e4rung","author":"michael","date":"May 1, 2017","format":false,"excerpt":"Datenschutzerkl\u00e4rung - Privacy Policy Englische Version der privacy policy siehe weiter untem im text Allgemeines Ihre personenbezogenen Daten (z.B. Anrede, Name, Anschrift, E-Mail-Adresse, Telefonnummer, Bankverbindung, Kreditkartennummer) werden von uns nur gem\u00e4\u00df den Bestimmungen des deutschen Datenschutzrechts verarbeitet. Die nachfolgenden Vorschriften informieren Sie \u00fcber Art, Umfang und Zweck der Erhebung, Verarbeitung\u2026","rel":"","context":"Similar post","block_context":{"text":"Similar post","link":""},"img":{"alt_text":"QR code link privacy","src":"https:\/\/i0.wp.com\/michaelweichert.com\/wp-content\/uploads\/2017\/11\/qrcode1.png?resize=350%2C200","width":350,"height":200},"classes":[]},{"id":2,"url":"https:\/\/michaelweichert.com\/index.php\/michael-weichert-homepage\/","url_meta":{"origin":367,"position":2},"title":"Michael Weichert","author":"michael","date":"March 24, 2017","format":false,"excerpt":"\u03b5v\u00a8\u03c1\u03b7\u03c7\u03b1 - Heureka! -\u00a0MichaelWeichert.com \/.de hat dich gefunden! Diese Seite wird mit viel Liebe und semiprofessionellen Mitteln direkt von zu Hause aus betrieben. Ich bem\u00fche mich, sie so gut wie m\u00f6glich online zu halten, aber gelegentliche Ausf\u00e4lle oder schlechte Erreichbarkeit k\u00f6nnen leider vorkommen. Daf\u00fcr bitte ich im Voraus um Entschuldigung\u2026","rel":"","context":"Similar post","block_context":{"text":"Similar post","link":""},"img":{"alt_text":"","src":"https:\/\/i0.wp.com\/michaelweichert.com\/wp-content\/uploads\/2017\/03\/Michael-1980x860.jpg?fit=1200%2C521&ssl=1&resize=350%2C200","width":350,"height":200,"srcset":"https:\/\/i0.wp.com\/michaelweichert.com\/wp-content\/uploads\/2017\/03\/Michael-1980x860.jpg?fit=1200%2C521&ssl=1&resize=350%2C200 1x, https:\/\/i0.wp.com\/michaelweichert.com\/wp-content\/uploads\/2017\/03\/Michael-1980x860.jpg?fit=1200%2C521&ssl=1&resize=525%2C300 1.5x, https:\/\/i0.wp.com\/michaelweichert.com\/wp-content\/uploads\/2017\/03\/Michael-1980x860.jpg?fit=1200%2C521&ssl=1&resize=700%2C400 2x, https:\/\/i0.wp.com\/michaelweichert.com\/wp-content\/uploads\/2017\/03\/Michael-1980x860.jpg?fit=1200%2C521&ssl=1&resize=1050%2C600 3x"},"classes":[]},{"id":49,"url":"https:\/\/michaelweichert.com\/index.php\/kontakt\/","url_meta":{"origin":367,"position":3},"title":"Kontakt","author":"michael","date":"April 29, 2017","format":false,"excerpt":"Kontaktieren Sie mich \u00fcber dieses Formular: Hinweis: Leider wurde mein Formular zum spammen benutzt. Sobald ich herausgefunden habe wie ich das abstelle ist es hier wieder verf\u00fcgbar.","rel":"","context":"Similar post","block_context":{"text":"Similar post","link":""},"img":{"alt_text":"Kontakt me!","src":"https:\/\/i0.wp.com\/michaelweichert.com\/wp-content\/uploads\/2017\/08\/Bleistift-Kontakt.jpeg?fit=1200%2C528&ssl=1&resize=350%2C200","width":350,"height":200,"srcset":"https:\/\/i0.wp.com\/michaelweichert.com\/wp-content\/uploads\/2017\/08\/Bleistift-Kontakt.jpeg?fit=1200%2C528&ssl=1&resize=350%2C200 1x, https:\/\/i0.wp.com\/michaelweichert.com\/wp-content\/uploads\/2017\/08\/Bleistift-Kontakt.jpeg?fit=1200%2C528&ssl=1&resize=525%2C300 1.5x, https:\/\/i0.wp.com\/michaelweichert.com\/wp-content\/uploads\/2017\/08\/Bleistift-Kontakt.jpeg?fit=1200%2C528&ssl=1&resize=700%2C400 2x, https:\/\/i0.wp.com\/michaelweichert.com\/wp-content\/uploads\/2017\/08\/Bleistift-Kontakt.jpeg?fit=1200%2C528&ssl=1&resize=1050%2C600 3x"},"classes":[]}],"jetpack_likes_enabled":true,"_links":{"self":[{"href":"https:\/\/michaelweichert.com\/index.php\/wp-json\/wp\/v2\/pages\/367","targetHints":{"allow":["GET"]}}],"collection":[{"href":"https:\/\/michaelweichert.com\/index.php\/wp-json\/wp\/v2\/pages"}],"about":[{"href":"https:\/\/michaelweichert.com\/index.php\/wp-json\/wp\/v2\/types\/page"}],"author":[{"embeddable":true,"href":"https:\/\/michaelweichert.com\/index.php\/wp-json\/wp\/v2\/users\/1"}],"replies":[{"embeddable":true,"href":"https:\/\/michaelweichert.com\/index.php\/wp-json\/wp\/v2\/comments?post=367"}],"version-history":[{"count":8,"href":"https:\/\/michaelweichert.com\/index.php\/wp-json\/wp\/v2\/pages\/367\/revisions"}],"predecessor-version":[{"id":379,"href":"https:\/\/michaelweichert.com\/index.php\/wp-json\/wp\/v2\/pages\/367\/revisions\/379"}],"wp:attachment":[{"href":"https:\/\/michaelweichert.com\/index.php\/wp-json\/wp\/v2\/media?parent=367"}],"curies":[{"name":"wp","href":"https:\/\/api.w.org\/{rel}","templated":true}]}}